{"id":121,"date":"2021-07-19T15:56:12","date_gmt":"2021-07-19T15:56:12","guid":{"rendered":"http:\/\/yesinspain.es\/web\/?page_id=121"},"modified":"2021-09-13T16:49:04","modified_gmt":"2021-09-13T16:49:04","slug":"test_level","status":"publish","type":"page","link":"https:\/\/yesinspain.es\/web\/test_level\/","title":{"rendered":"Level test"},"content":{"rendered":"\n<p><\/p>\n\n\n\n<p>&nbsp;A trav\u00e9s de esta&nbsp;<strong>breve prueba de ingl\u00e9s<\/strong>, podremos evaluar tus&nbsp;<strong>aptitudes ling\u00fc\u00edsticas en el idioma ingl\u00e9s<\/strong> y recomendarte el curso que m\u00e1s se adapte a tu nivel y necesidades.<\/p>\n\n\n\n<p>Esta prueba de ingl\u00e9s en l\u00ednea mide la\u00a0<strong>gram\u00e1tica\u00a0<\/strong>desde los contenidos m\u00e1s generales hasta los m\u00e1s espec\u00edficos.<\/p>\n\n\n\n<p>Contacta con nosotros para reservar tu prueba de nivel oral.<\/p>\n\n\n\n<div class=\"wpcf7 no-js\" id=\"wpcf7-f110-o1\" lang=\"es-ES\" dir=\"ltr\">\n<div class=\"screen-reader-response\"><p role=\"status\" aria-live=\"polite\" aria-atomic=\"true\"><\/p> <ul><\/ul><\/div>\n<form action=\"\/web\/wp-json\/wp\/v2\/pages\/121#wpcf7-f110-o1\" method=\"post\" class=\"wpcf7-form init\" aria-label=\"Formulario de contacto\" novalidate=\"novalidate\" data-status=\"init\">\n<div style=\"display: none;\">\n<input type=\"hidden\" name=\"_wpcf7\" value=\"110\" \/>\n<input type=\"hidden\" name=\"_wpcf7_version\" value=\"5.8\" \/>\n<input type=\"hidden\" name=\"_wpcf7_locale\" value=\"es_ES\" \/>\n<input type=\"hidden\" name=\"_wpcf7_unit_tag\" value=\"wpcf7-f110-o1\" \/>\n<input type=\"hidden\" name=\"_wpcf7_container_post\" value=\"0\" \/>\n<input type=\"hidden\" name=\"_wpcf7_posted_data_hash\" value=\"\" \/>\n<input type=\"hidden\" name=\"_wpcf7cf_hidden_group_fields\" value=\"[]\" \/>\n<input type=\"hidden\" name=\"_wpcf7cf_hidden_groups\" value=\"[]\" \/>\n<input type=\"hidden\" name=\"_wpcf7cf_visible_groups\" value=\"[]\" \/>\n<input type=\"hidden\" name=\"_wpcf7cf_repeaters\" value=\"[]\" \/>\n<input type=\"hidden\" name=\"_wpcf7cf_steps\" value=\"{}\" \/>\n<input type=\"hidden\" name=\"_wpcf7cf_options\" value=\"{&quot;form_id&quot;:110,&quot;conditions&quot;:[{&quot;then_field&quot;:&quot;-1&quot;,&quot;and_rules&quot;:[{&quot;if_field&quot;:&quot;-1&quot;,&quot;operator&quot;:&quot;equals&quot;,&quot;if_value&quot;:&quot;&quot;}]}],&quot;settings&quot;:{&quot;animation&quot;:&quot;yes&quot;,&quot;animation_intime&quot;:200,&quot;animation_outtime&quot;:200,&quot;conditions_ui&quot;:&quot;normal&quot;,&quot;notice_dismissed&quot;:false}}\" \/>\n<\/div>\n<p><label> Nombre<br \/>\n<span class=\"wpcf7-form-control-wrap\" data-name=\"your-name\"><input size=\"40\" class=\"wpcf7-form-control wpcf7-text wpcf7-validates-as-required\" aria-required=\"true\" aria-invalid=\"false\" value=\"\" type=\"text\" name=\"your-name\" \/><\/span> <\/label>\n<\/p>\n<p><label> Email<br \/>\n<span class=\"wpcf7-form-control-wrap\" data-name=\"your-email\"><input size=\"40\" class=\"wpcf7-form-control wpcf7-email wpcf7-validates-as-required wpcf7-text wpcf7-validates-as-email\" aria-required=\"true\" aria-invalid=\"false\" value=\"\" type=\"email\" name=\"your-email\" \/><\/span> <\/label>\n<\/p>\n<checkbox>1. Would you like some water?\n\t<p><span class=\"wpcf7-form-control-wrap\" data-name=\"radio-420\"><span class=\"wpcf7-form-control wpcf7-radio\"><span class=\"wpcf7-list-item first\"><label><input type=\"radio\" name=\"radio-420\" value=\"Yes, please.\" checked=\"checked\" \/><span class=\"wpcf7-list-item-label\">Yes, please.<\/span><\/label><\/span><span class=\"wpcf7-list-item\"><label><input type=\"radio\" name=\"radio-420\" value=\"Yes, I do.\" \/><span class=\"wpcf7-list-item-label\">Yes, I do.<\/span><\/label><\/span><span class=\"wpcf7-list-item last\"><label><input type=\"radio\" name=\"radio-420\" value=\"Yes, I should.\" \/><span class=\"wpcf7-list-item-label\">Yes, I should.<\/span><\/label><\/span><\/span><\/span>\n\t<\/p>\n<\/checkbox>\n<checkbox>2. Are you happy?\n\t<p><span class=\"wpcf7-form-control-wrap\" data-name=\"radio-231\"><span class=\"wpcf7-form-control wpcf7-radio\"><span class=\"wpcf7-list-item first\"><label><input type=\"radio\" name=\"radio-231\" value=\"Yes, I was.\" checked=\"checked\" \/><span class=\"wpcf7-list-item-label\">Yes, I was.<\/span><\/label><\/span><span class=\"wpcf7-list-item\"><label><input type=\"radio\" name=\"radio-231\" value=\"Yes, I am\" \/><span class=\"wpcf7-list-item-label\">Yes, I am<\/span><\/label><\/span><span class=\"wpcf7-list-item last\"><label><input type=\"radio\" name=\"radio-231\" value=\"Yes, I were\" \/><span class=\"wpcf7-list-item-label\">Yes, I were<\/span><\/label><\/span><\/span><\/span>\n\t<\/p>\n<\/checkbox>\n<checkbox> 3. Can you fly?\n\t<p><span class=\"wpcf7-form-control-wrap\" data-name=\"radio-232\"><span class=\"wpcf7-form-control wpcf7-radio\"><span class=\"wpcf7-list-item first\"><label><input type=\"radio\" name=\"radio-232\" value=\"Yes, I do.\" checked=\"checked\" \/><span class=\"wpcf7-list-item-label\">Yes, I do.<\/span><\/label><\/span><span class=\"wpcf7-list-item\"><label><input type=\"radio\" name=\"radio-232\" value=\"No, I couldn\u00b4t.\" \/><span class=\"wpcf7-list-item-label\">No, I couldn\u00b4t.<\/span><\/label><\/span><span class=\"wpcf7-list-item last\"><label><input type=\"radio\" name=\"radio-232\" value=\"No, I can\u00b4t.\" \/><span class=\"wpcf7-list-item-label\">No, I can\u00b4t.<\/span><\/label><\/span><\/span><\/span>\n\t<\/p>\n<\/checkbox>\n<checkbox> 4. ___ she like swimming?\n\t<p><span class=\"wpcf7-form-control-wrap\" data-name=\"radio-233\"><span class=\"wpcf7-form-control wpcf7-radio\"><span class=\"wpcf7-list-item first\"><label><input type=\"radio\" name=\"radio-233\" value=\"Do\" checked=\"checked\" \/><span class=\"wpcf7-list-item-label\">Do<\/span><\/label><\/span><span class=\"wpcf7-list-item\"><label><input type=\"radio\" name=\"radio-233\" value=\"Does\" \/><span class=\"wpcf7-list-item-label\">Does<\/span><\/label><\/span><span class=\"wpcf7-list-item last\"><label><input type=\"radio\" name=\"radio-233\" value=\"Would\" \/><span class=\"wpcf7-list-item-label\">Would<\/span><\/label><\/span><\/span><\/span>\n\t<\/p>\n<\/checkbox>\n<checkbox> 5. Do you like ______?\n\t<p><span class=\"wpcf7-form-control-wrap\" data-name=\"radio-234\"><span class=\"wpcf7-form-control wpcf7-radio\"><span class=\"wpcf7-list-item first\"><label><input type=\"radio\" name=\"radio-234\" value=\"swim\" checked=\"checked\" \/><span class=\"wpcf7-list-item-label\">swim<\/span><\/label><\/span><span class=\"wpcf7-list-item\"><label><input type=\"radio\" name=\"radio-234\" value=\"swimming\" \/><span class=\"wpcf7-list-item-label\">swimming<\/span><\/label><\/span><span class=\"wpcf7-list-item last\"><label><input type=\"radio\" name=\"radio-234\" value=\"swam\" \/><span class=\"wpcf7-list-item-label\">swam<\/span><\/label><\/span><\/span><\/span>\n\t<\/p>\n<\/checkbox>\n<checkbox> 6. We should avoid ______ fast food.\n\t<p><span class=\"wpcf7-form-control-wrap\" data-name=\"radio-235\"><span class=\"wpcf7-form-control wpcf7-radio\"><span class=\"wpcf7-list-item first\"><label><input type=\"radio\" name=\"radio-235\" value=\"to eat\" checked=\"checked\" \/><span class=\"wpcf7-list-item-label\">to eat<\/span><\/label><\/span><span class=\"wpcf7-list-item\"><label><input type=\"radio\" name=\"radio-235\" value=\"eat\" \/><span class=\"wpcf7-list-item-label\">eat<\/span><\/label><\/span><span class=\"wpcf7-list-item last\"><label><input type=\"radio\" name=\"radio-235\" value=\"eating\" \/><span class=\"wpcf7-list-item-label\">eating<\/span><\/label><\/span><\/span><\/span>\n\t<\/p>\n<\/checkbox>\n<checkbox> 7. I _____ to the cinema tonight.\n\t<p><span class=\"wpcf7-form-control-wrap\" data-name=\"radio-236\"><span class=\"wpcf7-form-control wpcf7-radio\"><span class=\"wpcf7-list-item first\"><label><input type=\"radio\" name=\"radio-236\" value=\"am going\" checked=\"checked\" \/><span class=\"wpcf7-list-item-label\">am going<\/span><\/label><\/span><span class=\"wpcf7-list-item\"><label><input type=\"radio\" name=\"radio-236\" value=\"will go\" \/><span class=\"wpcf7-list-item-label\">will go<\/span><\/label><\/span><span class=\"wpcf7-list-item last\"><label><input type=\"radio\" name=\"radio-236\" value=\"go\" \/><span class=\"wpcf7-list-item-label\">go<\/span><\/label><\/span><\/span><\/span>\n\t<\/p>\n<\/checkbox>\n<checkbox> 8. Tell her I miss her.\n\t<p><span class=\"wpcf7-form-control-wrap\" data-name=\"radio-237\"><span class=\"wpcf7-form-control wpcf7-radio\"><span class=\"wpcf7-list-item first\"><label><input type=\"radio\" name=\"radio-237\" value=\"I will\" checked=\"checked\" \/><span class=\"wpcf7-list-item-label\">I will<\/span><\/label><\/span><span class=\"wpcf7-list-item\"><label><input type=\"radio\" name=\"radio-237\" value=\"She will\" \/><span class=\"wpcf7-list-item-label\">She will<\/span><\/label><\/span><span class=\"wpcf7-list-item last\"><label><input type=\"radio\" name=\"radio-237\" value=\"I am\" \/><span class=\"wpcf7-list-item-label\">I am<\/span><\/label><\/span><\/span><\/span>\n\t<\/p>\n<\/checkbox>\n<checkbox> 9. You should never give __ your dreams.\n\t<p><span class=\"wpcf7-form-control-wrap\" data-name=\"radio-248\"><span class=\"wpcf7-form-control wpcf7-radio\"><span class=\"wpcf7-list-item first\"><label><input type=\"radio\" name=\"radio-248\" value=\"on\" checked=\"checked\" \/><span class=\"wpcf7-list-item-label\">on<\/span><\/label><\/span><span class=\"wpcf7-list-item\"><label><input type=\"radio\" name=\"radio-248\" value=\"up\" \/><span class=\"wpcf7-list-item-label\">up<\/span><\/label><\/span><span class=\"wpcf7-list-item last\"><label><input type=\"radio\" name=\"radio-248\" value=\"to\" \/><span class=\"wpcf7-list-item-label\">to<\/span><\/label><\/span><\/span><\/span>\n\t<\/p>\n<\/checkbox>\n<checkbox> 10. Are you interested ___ music?\n\t<p><span class=\"wpcf7-form-control-wrap\" data-name=\"radio-238\"><span class=\"wpcf7-form-control wpcf7-radio\"><span class=\"wpcf7-list-item first\"><label><input type=\"radio\" name=\"radio-238\" value=\"on\" checked=\"checked\" \/><span class=\"wpcf7-list-item-label\">on<\/span><\/label><\/span><span class=\"wpcf7-list-item\"><label><input type=\"radio\" name=\"radio-238\" value=\"about\" \/><span class=\"wpcf7-list-item-label\">about<\/span><\/label><\/span><span class=\"wpcf7-list-item last\"><label><input type=\"radio\" name=\"radio-238\" value=\"in\" \/><span class=\"wpcf7-list-item-label\">in<\/span><\/label><\/span><\/span><\/span>\n\t<\/p>\n<\/checkbox>\n<checkbox> 11. Go ______\n\t<p><span class=\"wpcf7-form-control-wrap\" data-name=\"radio-239\"><span class=\"wpcf7-form-control wpcf7-radio\"><span class=\"wpcf7-list-item first\"><label><input type=\"radio\" name=\"radio-239\" value=\"home\" checked=\"checked\" \/><span class=\"wpcf7-list-item-label\">home<\/span><\/label><\/span><span class=\"wpcf7-list-item\"><label><input type=\"radio\" name=\"radio-239\" value=\"to home\" \/><span class=\"wpcf7-list-item-label\">to home<\/span><\/label><\/span><span class=\"wpcf7-list-item last\"><label><input type=\"radio\" name=\"radio-239\" value=\"at home\" \/><span class=\"wpcf7-list-item-label\">at home<\/span><\/label><\/span><\/span><\/span>\n\t<\/p>\n<\/checkbox>\n<checkbox> 12. You should _______ come to the party last night.\n\t<p><span class=\"wpcf7-form-control-wrap\" data-name=\"radio-240\"><span class=\"wpcf7-form-control wpcf7-radio\"><span class=\"wpcf7-list-item first\"><label><input type=\"radio\" name=\"radio-240\" value=\"have\" checked=\"checked\" \/><span class=\"wpcf7-list-item-label\">have<\/span><\/label><\/span><span class=\"wpcf7-list-item\"><label><input type=\"radio\" name=\"radio-240\" value=\"gone\" \/><span class=\"wpcf7-list-item-label\">gone<\/span><\/label><\/span><span class=\"wpcf7-list-item last\"><label><input type=\"radio\" name=\"radio-240\" value=\"to\" \/><span class=\"wpcf7-list-item-label\">to<\/span><\/label><\/span><\/span><\/span>\n\t<\/p>\n<\/checkbox>\n<checkbox> 13. You should _____ to the party tomorrow.\n\t<p><span class=\"wpcf7-form-control-wrap\" data-name=\"radio-241\"><span class=\"wpcf7-form-control wpcf7-radio\"><span class=\"wpcf7-list-item first\"><label><input type=\"radio\" name=\"radio-241\" value=\"to go\" checked=\"checked\" \/><span class=\"wpcf7-list-item-label\">to go<\/span><\/label><\/span><span class=\"wpcf7-list-item\"><label><input type=\"radio\" name=\"radio-241\" value=\"have gone\" \/><span class=\"wpcf7-list-item-label\">have gone<\/span><\/label><\/span><span class=\"wpcf7-list-item last\"><label><input type=\"radio\" name=\"radio-241\" value=\"go\" \/><span class=\"wpcf7-list-item-label\">go<\/span><\/label><\/span><\/span><\/span>\n\t<\/p>\n<\/checkbox>\n<checkbox> 14. If I ______ the answer, I\u00b4d tell you.\n\t<p><span class=\"wpcf7-form-control-wrap\" data-name=\"radio-242\"><span class=\"wpcf7-form-control wpcf7-radio\"><span class=\"wpcf7-list-item first\"><label><input type=\"radio\" name=\"radio-242\" value=\"know\" checked=\"checked\" \/><span class=\"wpcf7-list-item-label\">know<\/span><\/label><\/span><span class=\"wpcf7-list-item\"><label><input type=\"radio\" name=\"radio-242\" value=\"Knew\" \/><span class=\"wpcf7-list-item-label\">Knew<\/span><\/label><\/span><span class=\"wpcf7-list-item last\"><label><input type=\"radio\" name=\"radio-242\" value=\"Known\" \/><span class=\"wpcf7-list-item-label\">Known<\/span><\/label><\/span><\/span><\/span>\n\t<\/p>\n<\/checkbox>\n<checkbox> 15. If I\u00b4d _____ the answer, I\u00b4d have told you.\n\t<p><span class=\"wpcf7-form-control-wrap\" data-name=\"radio-243\"><span class=\"wpcf7-form-control wpcf7-radio\"><span class=\"wpcf7-list-item first\"><label><input type=\"radio\" name=\"radio-243\" value=\"know\" checked=\"checked\" \/><span class=\"wpcf7-list-item-label\">know<\/span><\/label><\/span><span class=\"wpcf7-list-item\"><label><input type=\"radio\" name=\"radio-243\" value=\"knew\" \/><span class=\"wpcf7-list-item-label\">knew<\/span><\/label><\/span><span class=\"wpcf7-list-item last\"><label><input type=\"radio\" name=\"radio-243\" value=\"known\" \/><span class=\"wpcf7-list-item-label\">known<\/span><\/label><\/span><\/span><\/span>\n\t<\/p>\n<\/checkbox>\n<checkbox> 16. I ____ go the party.\n\t<p><span class=\"wpcf7-form-control-wrap\" data-name=\"radio-244\"><span class=\"wpcf7-form-control wpcf7-radio\"><span class=\"wpcf7-list-item first\"><label><input type=\"radio\" name=\"radio-244\" value=\"might\" checked=\"checked\" \/><span class=\"wpcf7-list-item-label\">might<\/span><\/label><\/span><span class=\"wpcf7-list-item\"><label><input type=\"radio\" name=\"radio-244\" value=\"maybe\" \/><span class=\"wpcf7-list-item-label\">maybe<\/span><\/label><\/span><span class=\"wpcf7-list-item last\"><label><input type=\"radio\" name=\"radio-244\" value=\"ought\" \/><span class=\"wpcf7-list-item-label\">ought<\/span><\/label><\/span><\/span><\/span>\n\t<\/p>\n<\/checkbox>\n<checkbox> 17. Look at his car! He ___ be rich.\n\t<p><span class=\"wpcf7-form-control-wrap\" data-name=\"radio-245\"><span class=\"wpcf7-form-control wpcf7-radio\"><span class=\"wpcf7-list-item first\"><label><input type=\"radio\" name=\"radio-245\" value=\"can\" checked=\"checked\" \/><span class=\"wpcf7-list-item-label\">can<\/span><\/label><\/span><span class=\"wpcf7-list-item\"><label><input type=\"radio\" name=\"radio-245\" value=\"mustn\u00b4t\" \/><span class=\"wpcf7-list-item-label\">mustn\u00b4t<\/span><\/label><\/span><span class=\"wpcf7-list-item last\"><label><input type=\"radio\" name=\"radio-245\" value=\"must\" \/><span class=\"wpcf7-list-item-label\">must<\/span><\/label><\/span><\/span><\/span>\n\t<\/p>\n<\/checkbox>\n<checkbox> 18. Look at his car! He ___ be rich.\n\t<p><span class=\"wpcf7-form-control-wrap\" data-name=\"radio-246\"><span class=\"wpcf7-form-control wpcf7-radio\"><span class=\"wpcf7-list-item first\"><label><input type=\"radio\" name=\"radio-246\" value=\"can\" checked=\"checked\" \/><span class=\"wpcf7-list-item-label\">can<\/span><\/label><\/span><span class=\"wpcf7-list-item\"><label><input type=\"radio\" name=\"radio-246\" value=\"mustn\u00b4t\" \/><span class=\"wpcf7-list-item-label\">mustn\u00b4t<\/span><\/label><\/span><span class=\"wpcf7-list-item last\"><label><input type=\"radio\" name=\"radio-246\" value=\"Can\u00b4t\" \/><span class=\"wpcf7-list-item-label\">Can\u00b4t<\/span><\/label><\/span><\/span><\/span>\n\t<\/p>\n<\/checkbox>\n<checkbox> 19. I wish you ______ here\n\t<p><span class=\"wpcf7-form-control-wrap\" data-name=\"radio-247\"><span class=\"wpcf7-form-control wpcf7-radio\"><span class=\"wpcf7-list-item first\"><label><input type=\"radio\" name=\"radio-247\" value=\"are\" checked=\"checked\" \/><span class=\"wpcf7-list-item-label\">are<\/span><\/label><\/span><span class=\"wpcf7-list-item\"><label><input type=\"radio\" name=\"radio-247\" value=\"will be\" \/><span class=\"wpcf7-list-item-label\">will be<\/span><\/label><\/span><span class=\"wpcf7-list-item last\"><label><input type=\"radio\" name=\"radio-247\" value=\"were\" \/><span class=\"wpcf7-list-item-label\">were<\/span><\/label><\/span><\/span><\/span>\n\t<\/p>\n<\/checkbox>\n<checkbox> 20. I wish you ______ here\n\t<p><span class=\"wpcf7-form-control-wrap\" data-name=\"radio-248\"><span class=\"wpcf7-form-control wpcf7-radio\"><span class=\"wpcf7-list-item first\"><label><input type=\"radio\" name=\"radio-248\" value=\"had been\" checked=\"checked\" \/><span class=\"wpcf7-list-item-label\">had been<\/span><\/label><\/span><span class=\"wpcf7-list-item\"><label><input type=\"radio\" name=\"radio-248\" value=\"would be\" \/><span class=\"wpcf7-list-item-label\">would be<\/span><\/label><\/span><span class=\"wpcf7-list-item last\"><label><input type=\"radio\" name=\"radio-248\" value=\"was\" \/><span class=\"wpcf7-list-item-label\">was<\/span><\/label><\/span><\/span><\/span>\n\t<\/p>\n<\/checkbox>\n<p><input class=\"wpcf7-form-control wpcf7-submit has-spinner\" type=\"submit\" value=\"Send\" \/>\n<\/p><div class=\"wpcf7-response-output\" aria-hidden=\"true\"><\/div>\n<\/form>\n<\/div>\n\n","protected":false},"excerpt":{"rendered":"<p>&nbsp;A trav\u00e9s de esta&nbsp;breve prueba de ingl\u00e9s, podremos evaluar tus&nbsp;aptitudes ling\u00fc\u00edsticas en el idioma ingl\u00e9s y recomendarte el curso que m\u00e1s se adapte a tu nivel y necesidades. Esta prueba de ingl\u00e9s en l\u00ednea mide la\u00a0gram\u00e1tica\u00a0desde los contenidos m\u00e1s generales hasta los m\u00e1s espec\u00edficos. Contacta con nosotros para reservar tu prueba de nivel oral.<\/p>\n","protected":false},"author":1,"featured_media":0,"parent":0,"menu_order":0,"comment_status":"closed","ping_status":"closed","template":"","meta":{"footnotes":""},"class_list":["post-121","page","type-page","status-publish","hentry"],"_links":{"self":[{"href":"https:\/\/yesinspain.es\/web\/wp-json\/wp\/v2\/pages\/121","targetHints":{"allow":["GET"]}}],"collection":[{"href":"https:\/\/yesinspain.es\/web\/wp-json\/wp\/v2\/pages"}],"about":[{"href":"https:\/\/yesinspain.es\/web\/wp-json\/wp\/v2\/types\/page"}],"author":[{"embeddable":true,"href":"https:\/\/yesinspain.es\/web\/wp-json\/wp\/v2\/users\/1"}],"replies":[{"embeddable":true,"href":"https:\/\/yesinspain.es\/web\/wp-json\/wp\/v2\/comments?post=121"}],"version-history":[{"count":6,"href":"https:\/\/yesinspain.es\/web\/wp-json\/wp\/v2\/pages\/121\/revisions"}],"predecessor-version":[{"id":599,"href":"https:\/\/yesinspain.es\/web\/wp-json\/wp\/v2\/pages\/121\/revisions\/599"}],"wp:attachment":[{"href":"https:\/\/yesinspain.es\/web\/wp-json\/wp\/v2\/media?parent=121"}],"curies":[{"name":"wp","href":"https:\/\/api.w.org\/{rel}","templated":true}]}}